{"id":6,"date":"2021-01-18T11:15:59","date_gmt":"2021-01-18T11:15:59","guid":{"rendered":"https:\/\/naturcoiffeur-heiniger.ch\/?page_id=6"},"modified":"2021-04-07T19:58:24","modified_gmt":"2021-04-07T19:58:24","slug":"willkommen","status":"publish","type":"page","link":"https:\/\/naturcoiffeur-heiniger.ch\/","title":{"rendered":"Willkommen"},"content":{"rendered":"\n<div class=\"wp-block-image\"><figure class=\"alignleft size-large\"><img loading=\"lazy\" decoding=\"async\" width=\"200\" height=\"66\" src=\"https:\/\/naturcoiffeur-heiniger.ch\/wp-content\/uploads\/2021\/01\/image-1.png\" alt=\"\" class=\"wp-image-14\"\/><\/figure><\/div>\n\n\n\n<p><\/p>\n\n\n\n<p><\/p>\n\n\n\n<p><em>Ich freue mich \u00fcber Ihren Besuch und m\u00f6chte diesen Moment nutzen Ihnen meine Person, sowie die Philosophie meines Gesch\u00e4ftes n\u00e4her zu bringen.<\/em><\/p>\n\n\n\n<div class=\"wp-block-image\"><figure class=\"aligncenter size-large is-resized\"><img loading=\"lazy\" decoding=\"async\" src=\"https:\/\/naturcoiffeur-heiniger.ch\/wp-content\/uploads\/2021\/01\/sonja.jpg\" alt=\"\" class=\"wp-image-7\" width=\"200\" height=\"300\"\/><\/figure><\/div>\n\n\n\n<p>Seit mehr als 30 Jahren \u00fcbe ich den sch\u00f6nsten aller Berufe, n\u00e4mlich den der Coiffeuse, aus. \u00dcberlieferte Erz\u00e4hlungen berichten, dass ich sozusagen schon mit der Schere in der Hand auf die Welt kam und auch heute noch kaum ohne anzutreffen bin.<\/p>\n\n\n\n<p>Mein Beruf ist meine Berufung und Leidenschaft zugleich, ich liebe es mit Menschen zu arbeiten, f\u00fcr sie da zu sein, sie individuell zu beraten, ihren Typ herauszuarbeiten und mit nat\u00fcrlichen Produkten zu verw\u00f6hnen. <\/p>\n\n\n\n<p><strong>Der Mensch steht bei mir im Mittelpunkt aller Bem\u00fchungen.<\/strong><\/p>\n\n\n\n<p>Neben einer individuellen Beratung, wunderbar entspannenden Kopfmassagen, tollen und pflegeleichten Schnitten, brillanten, chemiefreien Naturhaarfarben, energiespendenden Handreflexzonen Massagen, rein pflanzlichen Produkten und Manicure k\u00f6nnen Sie in angenehmer Atmosph\u00e4re, ohne Hektik entspannen und neue Kraft sch\u00f6pfen.<\/p>\n\n\n\n<p>Sch\u00f6nes und gesundes Haar ohne Kompromisse f\u00fcr Sie und die Natur ist m\u00f6glich. <\/p>\n\n\n\n<p>Kommen Sie vorbei und genie\u00dfen Sie Haarkosmetik ohne Risiko und Belastung f\u00fcr Ihren K\u00f6rper und unsere Umwelt.<\/p>\n\n\n\n<p>Ich freue mich auf Sie!<\/p>\n\n\n\n<div class=\"wp-block-image\"><figure class=\"alignleft size-large\"><img loading=\"lazy\" decoding=\"async\" width=\"327\" height=\"66\" src=\"https:\/\/naturcoiffeur-heiniger.ch\/wp-content\/uploads\/2021\/01\/image.png\" alt=\"\" class=\"wp-image-9\" srcset=\"https:\/\/naturcoiffeur-heiniger.ch\/wp-content\/uploads\/2021\/01\/image.png 327w, https:\/\/naturcoiffeur-heiniger.ch\/wp-content\/uploads\/2021\/01\/image-300x61.png 300w\" sizes=\"auto, (max-width: 327px) 100vw, 327px\" \/><\/figure><\/div>\n\n\n\n<p><\/p>\n\n\n\n<p><\/p>\n\n\n\n<p>Ich verwende ausschliesslich zertifizierte Naturprodukte.<\/p>\n\n\n\n<div class=\"wp-block-image\"><figure class=\"aligncenter size-large\"><img loading=\"lazy\" decoding=\"async\" width=\"1024\" height=\"145\" src=\"https:\/\/naturcoiffeur-heiniger.ch\/wp-content\/uploads\/2021\/01\/labels-1-1024x145.png\" alt=\"\" class=\"wp-image-56\" srcset=\"https:\/\/naturcoiffeur-heiniger.ch\/wp-content\/uploads\/2021\/01\/labels-1-1024x145.png 1024w, https:\/\/naturcoiffeur-heiniger.ch\/wp-content\/uploads\/2021\/01\/labels-1-300x43.png 300w, https:\/\/naturcoiffeur-heiniger.ch\/wp-content\/uploads\/2021\/01\/labels-1-768x109.png 768w, https:\/\/naturcoiffeur-heiniger.ch\/wp-content\/uploads\/2021\/01\/labels-1.png 1183w\" sizes=\"auto, (max-width: 1024px) 100vw, 1024px\" \/><\/figure><\/div>\n","protected":false},"excerpt":{"rendered":"<p>Ich freue mich \u00fcber Ihren Besuch und m\u00f6chte diesen Moment nutzen Ihnen meine Person, sowie die Philosophie meines Gesch\u00e4ftes n\u00e4her zu bringen. Seit mehr als 30 Jahren \u00fcbe ich den sch\u00f6nsten aller Berufe, n\u00e4mlich den der Coiffeuse, aus. \u00dcberlieferte Erz\u00e4hlungen berichten, dass ich sozusagen schon mit der Schere in der Hand auf die Welt kam und auch heute noch kaum ohne anzutreffen bin. Mein Beruf ist meine Berufung und Leidenschaft zugleich, ich liebe es mit Menschen zu arbeiten, f\u00fcr sie da zu sein, sie individuell zu beraten, ihren Typ herauszuarbeiten und mit nat\u00fcrlichen Produkten zu verw\u00f6hnen. Der Mensch steht bei mir im Mittelpunkt aller Bem\u00fchungen. Neben einer individuellen Beratung, wunderbar entspannenden Kopfmassagen, tollen und pflegeleichten Schnitten, brillanten, chemiefreien Naturhaarfarben, energiespendenden Handreflexzonen Massagen, rein pflanzlichen Produkten und Manicure k\u00f6nnen Sie in angenehmer Atmosph\u00e4re, ohne Hektik entspannen und neue Kraft sch\u00f6pfen. Sch\u00f6nes und gesundes Haar ohne Kompromisse f\u00fcr Sie und die Natur&hellip;<\/p>\n<p> <a class=\"more-link\" href=\"https:\/\/naturcoiffeur-heiniger.ch\/\">Read more<\/a><\/p>\n","protected":false},"author":1,"featured_media":0,"parent":0,"menu_order":0,"comment_status":"closed","ping_status":"closed","template":"","meta":{"footnotes":""},"class_list":["post-6","page","type-page","status-publish"],"_links":{"self":[{"href":"https:\/\/naturcoiffeur-heiniger.ch\/index.php?rest_route=\/wp\/v2\/pages\/6","targetHints":{"allow":["GET"]}}],"collection":[{"href":"https:\/\/naturcoiffeur-heiniger.ch\/index.php?rest_route=\/wp\/v2\/pages"}],"about":[{"href":"https:\/\/naturcoiffeur-heiniger.ch\/index.php?rest_route=\/wp\/v2\/types\/page"}],"author":[{"embeddable":true,"href":"https:\/\/naturcoiffeur-heiniger.ch\/index.php?rest_route=\/wp\/v2\/users\/1"}],"replies":[{"embeddable":true,"href":"https:\/\/naturcoiffeur-heiniger.ch\/index.php?rest_route=%2Fwp%2Fv2%2Fcomments&post=6"}],"version-history":[{"count":28,"href":"https:\/\/naturcoiffeur-heiniger.ch\/index.php?rest_route=\/wp\/v2\/pages\/6\/revisions"}],"predecessor-version":[{"id":270,"href":"https:\/\/naturcoiffeur-heiniger.ch\/index.php?rest_route=\/wp\/v2\/pages\/6\/revisions\/270"}],"wp:attachment":[{"href":"https:\/\/naturcoiffeur-heiniger.ch\/index.php?rest_route=%2Fwp%2Fv2%2Fmedia&parent=6"}],"curies":[{"name":"wp","href":"https:\/\/api.w.org\/{rel}","templated":true}]}}